{"id":18052,"date":"2022-10-25T08:14:35","date_gmt":"2022-10-25T06:14:35","guid":{"rendered":"https:\/\/www-ppd.apps.centreon.com\/trouver-un-partenaire\/"},"modified":"2023-11-28T14:34:11","modified_gmt":"2023-11-28T13:34:11","slug":"trouver-un-partenaire","status":"publish","type":"page","link":"https:\/\/www-ppd.apps.centreon.com\/fr\/partenaires\/trouver-un-partenaire\/","title":{"rendered":"Trouver un partenaire"},"content":{"rendered":"\n<div class=\"wp-block-columns has-gradient-10-gradient-background has-background is-layout-flex wp-container-core-columns-is-layout-60b74092 wp-block-columns-is-layout-flex\" style=\"padding-top:114px;padding-bottom:100px\">\n<div class=\"wp-block-column is-layout-flow wp-block-column-is-layout-flow\" style=\"flex-basis:700px\">\n<div class=\"wp-block-columns is-layout-flex wp-container-core-columns-is-layout-28f84493 wp-block-columns-is-layout-flex\">\n<div class=\"wp-block-column is-layout-flow wp-block-column-is-layout-flow\">\n<h1 class=\"wp-block-heading\">Trouver un partenaire<\/h1>\n\n\n\n<p class=\"has-2-xl-font-size\">Avec nos partenaires, nous \u0153uvrons \u00e0 votre r\u00e9ussite<\/p>\n<\/div>\n<\/div>\n<\/div>\n<\/div>\n\n\n\n<div class=\"wp-block-columns has-white-color has-dark-background-color has-text-color has-background is-layout-flex wp-container-core-columns-is-layout-4bfa5c6b wp-block-columns-is-layout-flex\" style=\"padding-top:9px;padding-bottom:9px\">\n<div class=\"wp-block-column is-layout-flow wp-block-column-is-layout-flow\" style=\"flex-basis:100%\"><div class=\"yoast-breadcrumbs\"><span><span><a href=\"https:\/\/www-ppd.apps.centreon.com\/fr\/\"><span class=\"breadcrumb-home\"><span class=\"hidden\">Home<\/span><\/span><\/a><\/span> <span class=\"breadcrumb-separator\"><\/span> <span><a href=\"https:\/\/www-ppd.apps.centreon.com\/fr\/partenaires\/\">Partenaires<\/a><\/span> <span class=\"breadcrumb-separator\"><\/span> <span class=\"breadcrumb_last\" aria-current=\"page\">Trouver un partenaire<\/span><\/span><\/div><\/div>\n<\/div>\n\n\n\n<div class=\"wp-block-columns is-layout-flex wp-container-core-columns-is-layout-6e91eac9 wp-block-columns-is-layout-flex\" style=\"padding-top:70px;padding-bottom:70px\">\n<div class=\"wp-block-column has-white-background-color has-background is-layout-flow wp-block-column-is-layout-flow\">\n<script type='text\/javascript' src='https:\/\/widgets.ziftsolutions.com\/centreon.ziftsolutions.com\/js\/8a99827b859694340185974e5dbb191b'  charset='utf-8'><\/script>\n<\/div>\n<\/div>\n\n\n\n<div class=\"wp-block-group is-layout-flow wp-block-group-is-layout-flow\">\n<div class=\"wp-block-columns are-vertically-aligned-center has-white-color has-dark-background-color has-text-color has-background is-layout-flex wp-container-core-columns-is-layout-0e0088bb wp-block-columns-is-layout-flex\" style=\"padding-top:30px;padding-bottom:30px\">\n<div class=\"wp-block-column is-vertically-aligned-center is-layout-flow wp-block-column-is-layout-flow\" style=\"flex-basis:60%\">\n<p class=\"has-2-xl-font-size\">D\u00e9couvrez comment Centreon va transformer votre business<\/p>\n<\/div>\n\n\n\n<div class=\"wp-block-column is-vertically-aligned-center is-layout-flow wp-block-column-is-layout-flow\">\n<div class=\"wp-block-buttons is-content-justification-right is-layout-flex wp-container-core-buttons-is-layout-d445cf74 wp-block-buttons-is-layout-flex\">\n<div class=\"wp-block-button\"><a class=\"wp-block-button__link has-dark-background-color has-background wp-element-button\" href=\"https:\/\/www-ppd.apps.centreon.com\/fr\/contact\/\">Contactez-nous<\/a><\/div>\n\n\n\n<div class=\"wp-block-button\"><a class=\"wp-block-button__link has-dark-background-color has-background wp-element-button\" href=\"https:\/\/www-ppd.apps.centreon.com\/fr\/essai-gratuit\/\">Essai gratuit<\/a><\/div>\n<\/div>\n<\/div>\n<\/div>\n\n\n\n<div class=\"wp-block-columns are-vertically-aligned-center has-white-color has-primary-background-color has-text-color has-background is-layout-flex wp-container-core-columns-is-layout-0e0088bb wp-block-columns-is-layout-flex\" style=\"padding-top:30px;padding-bottom:30px\">\n<div class=\"wp-block-column is-vertically-aligned-center is-layout-flow wp-block-column-is-layout-flow\">\n<p class=\"has-2-xl-font-size\">Restez inform\u00e9s sur notre actualit\u00e9<\/p>\n<\/div>\n\n\n\n<div class=\"wp-block-column is-vertically-aligned-center is-layout-flow wp-block-column-is-layout-flow\"><div class=\"newsletter-form w-full\">\n  <form class=\"w-full\">\n    <div class=\"w-full flex items-center bg-white\/20 text-white rounded-10 px-4 text-lg\">\n      <input type=\"email\" name=\"email\" placeholder=\"Saisissez votre adresse email\"\n             class=\"w-full text-light h-8 pl-0 appearance-none bg-transparent rounded-none placeholder-white autofill:bg-transparent focus:outline-none\" required>\n      <button type=\"submit\" class=\"cursor-pointer appearance-none pl-4 py-3 shrink-0\" aria-label=\"Recherche\">\n        Je m&rsquo;abonne      <\/button>\n    <\/div>\n  <\/form>\n  <div class=\"alert-success bg-white bg-opacity-20 text-white px-4 py-3 rounded-10\" style=\"display:none\">\n    Thank you for your subscription.  <\/div>\n<\/div>\n<\/div>\n<\/div>\n<\/div>\n","protected":false},"excerpt":{"rendered":"<p>Trouver un partenaire Avec nos partenaires, nous \u0153uvrons \u00e0 votre r\u00e9ussite<\/p>\n","protected":false},"author":2,"featured_media":0,"parent":20549,"menu_order":11,"comment_status":"closed","ping_status":"closed","template":"","meta":{"_acf_changed":false,"footnotes":""},"class_list":["post-18052","page","type-page","status-publish","hentry"],"acf":[],"yoast_head":"<!-- This site is optimized with the Yoast SEO plugin v26.6 - https:\/\/yoast.com\/wordpress\/plugins\/seo\/ -->\n<title>Trouver un partenaire | Centreon, logiciel de supervision IT<\/title>\n<meta name=\"description\" content=\"Trouvez un partenaire de confiance dans notre r\u00e9seau Centreon. En savoir plus sur nos partenaires et sur les avantages de travailler avec eux.\" \/>\n<meta name=\"robots\" content=\"noindex, follow, max-snippet:-1, max-image-preview:large, max-video-preview:-1\" \/>\n<meta property=\"og:locale\" content=\"fr_FR\" \/>\n<meta property=\"og:type\" content=\"article\" \/>\n<meta property=\"og:title\" content=\"Trouver un partenaire | Centreon, logiciel de supervision IT\" \/>\n<meta property=\"og:description\" content=\"Trouvez un partenaire de confiance dans notre r\u00e9seau Centreon. En savoir plus sur nos partenaires et sur les avantages de travailler avec eux.\" \/>\n<meta property=\"og:url\" content=\"https:\/\/www-ppd.apps.centreon.com\/fr\/partenaires\/trouver-un-partenaire\/\" \/>\n<meta property=\"og:site_name\" content=\"Centreon\" \/>\n<meta property=\"article:publisher\" content=\"https:\/\/www.facebook.com\/CentreonMonitoring\/\" \/>\n<meta property=\"article:modified_time\" content=\"2023-11-28T13:34:11+00:00\" \/>\n<meta property=\"og:image\" content=\"https:\/\/www-ppd.apps.centreon.com\/uploads\/2023\/11\/Vertical_Original.png\" \/>\n\t<meta property=\"og:image:width\" content=\"1076\" \/>\n\t<meta property=\"og:image:height\" content=\"556\" \/>\n\t<meta property=\"og:image:type\" content=\"image\/png\" \/>\n<meta name=\"twitter:card\" content=\"summary_large_image\" \/>\n<meta name=\"twitter:site\" content=\"@CentreonFR\" \/>\n<meta name=\"twitter:label1\" content=\"Dur\u00e9e de lecture estim\u00e9e\" \/>\n\t<meta name=\"twitter:data1\" content=\"1 minute\" \/>\n<script type=\"application\/ld+json\" class=\"yoast-schema-graph\">{\"@context\":\"https:\/\/schema.org\",\"@graph\":[{\"@type\":\"WebPage\",\"@id\":\"https:\/\/www-ppd.apps.centreon.com\/fr\/partenaires\/trouver-un-partenaire\/\",\"url\":\"https:\/\/www-ppd.apps.centreon.com\/fr\/partenaires\/trouver-un-partenaire\/\",\"name\":\"Trouver un partenaire | Centreon, logiciel de supervision IT\",\"isPartOf\":{\"@id\":\"https:\/\/www-ppd.apps.centreon.com\/fr\/#website\"},\"datePublished\":\"2022-10-25T06:14:35+00:00\",\"dateModified\":\"2023-11-28T13:34:11+00:00\",\"description\":\"Trouvez un partenaire de confiance dans notre r\u00e9seau Centreon. En savoir plus sur nos partenaires et sur les avantages de travailler avec eux.\",\"breadcrumb\":{\"@id\":\"https:\/\/www-ppd.apps.centreon.com\/fr\/partenaires\/trouver-un-partenaire\/#breadcrumb\"},\"inLanguage\":\"fr-FR\",\"potentialAction\":[{\"@type\":\"ReadAction\",\"target\":[\"https:\/\/www-ppd.apps.centreon.com\/fr\/partenaires\/trouver-un-partenaire\/\"]}]},{\"@type\":\"BreadcrumbList\",\"@id\":\"https:\/\/www-ppd.apps.centreon.com\/fr\/partenaires\/trouver-un-partenaire\/#breadcrumb\",\"itemListElement\":[{\"@type\":\"ListItem\",\"position\":1,\"name\":\"Home\",\"item\":\"https:\/\/www-ppd.apps.centreon.com\/fr\/\"},{\"@type\":\"ListItem\",\"position\":2,\"name\":\"Partenaires\",\"item\":\"https:\/\/www-ppd.apps.centreon.com\/fr\/partenaires\/\"},{\"@type\":\"ListItem\",\"position\":3,\"name\":\"Trouver un partenaire\"}]},{\"@type\":\"WebSite\",\"@id\":\"https:\/\/www-ppd.apps.centreon.com\/fr\/#website\",\"url\":\"https:\/\/www-ppd.apps.centreon.com\/fr\/\",\"name\":\"Centreon\",\"description\":\"Just another WordPress site\",\"publisher\":{\"@id\":\"https:\/\/www-ppd.apps.centreon.com\/fr\/#organization\"},\"potentialAction\":[{\"@type\":\"SearchAction\",\"target\":{\"@type\":\"EntryPoint\",\"urlTemplate\":\"https:\/\/www-ppd.apps.centreon.com\/fr\/?s={search_term_string}\"},\"query-input\":{\"@type\":\"PropertyValueSpecification\",\"valueRequired\":true,\"valueName\":\"search_term_string\"}}],\"inLanguage\":\"fr-FR\"},{\"@type\":\"Organization\",\"@id\":\"https:\/\/www-ppd.apps.centreon.com\/fr\/#organization\",\"name\":\"Centreon\",\"url\":\"https:\/\/www-ppd.apps.centreon.com\/fr\/\",\"logo\":{\"@type\":\"ImageObject\",\"inLanguage\":\"fr-FR\",\"@id\":\"https:\/\/www-ppd.apps.centreon.com\/fr\/#\/schema\/logo\/image\/\",\"url\":\"https:\/\/www.centreon.com\/wp-content\/uploads\/2023\/07\/Logo_Centreon_Email_Signature_light_02.png\",\"contentUrl\":\"https:\/\/www.centreon.com\/wp-content\/uploads\/2023\/07\/Logo_Centreon_Email_Signature_light_02.png\",\"width\":180,\"height\":42,\"caption\":\"Centreon\"},\"image\":{\"@id\":\"https:\/\/www-ppd.apps.centreon.com\/fr\/#\/schema\/logo\/image\/\"},\"sameAs\":[\"https:\/\/www.facebook.com\/CentreonMonitoring\/\",\"https:\/\/x.com\/CentreonFR\",\"https:\/\/www.linkedin.com\/company\/centreonsoftware\/\",\"https:\/\/www.youtube.com\/channel\/UCIKJKvZ8acLmEg2fCdDzsvA\",\"https:\/\/fr.wikipedia.org\/wiki\/Centreon\"]}]}<\/script>\n<!-- \/ Yoast SEO plugin. -->","yoast_head_json":{"title":"Trouver un partenaire | Centreon, logiciel de supervision IT","description":"Trouvez un partenaire de confiance dans notre r\u00e9seau Centreon. En savoir plus sur nos partenaires et sur les avantages de travailler avec eux.","robots":{"index":"noindex","follow":"follow","max-snippet":"max-snippet:-1","max-image-preview":"max-image-preview:large","max-video-preview":"max-video-preview:-1"},"og_locale":"fr_FR","og_type":"article","og_title":"Trouver un partenaire | Centreon, logiciel de supervision IT","og_description":"Trouvez un partenaire de confiance dans notre r\u00e9seau Centreon. En savoir plus sur nos partenaires et sur les avantages de travailler avec eux.","og_url":"https:\/\/www-ppd.apps.centreon.com\/fr\/partenaires\/trouver-un-partenaire\/","og_site_name":"Centreon","article_publisher":"https:\/\/www.facebook.com\/CentreonMonitoring\/","article_modified_time":"2023-11-28T13:34:11+00:00","og_image":[{"width":1076,"height":556,"url":"https:\/\/www-ppd.apps.centreon.com\/uploads\/2023\/11\/Vertical_Original.png","type":"image\/png"}],"twitter_card":"summary_large_image","twitter_site":"@CentreonFR","twitter_misc":{"Dur\u00e9e de lecture estim\u00e9e":"1 minute"},"schema":{"@context":"https:\/\/schema.org","@graph":[{"@type":"WebPage","@id":"https:\/\/www-ppd.apps.centreon.com\/fr\/partenaires\/trouver-un-partenaire\/","url":"https:\/\/www-ppd.apps.centreon.com\/fr\/partenaires\/trouver-un-partenaire\/","name":"Trouver un partenaire | Centreon, logiciel de supervision IT","isPartOf":{"@id":"https:\/\/www-ppd.apps.centreon.com\/fr\/#website"},"datePublished":"2022-10-25T06:14:35+00:00","dateModified":"2023-11-28T13:34:11+00:00","description":"Trouvez un partenaire de confiance dans notre r\u00e9seau Centreon. En savoir plus sur nos partenaires et sur les avantages de travailler avec eux.","breadcrumb":{"@id":"https:\/\/www-ppd.apps.centreon.com\/fr\/partenaires\/trouver-un-partenaire\/#breadcrumb"},"inLanguage":"fr-FR","potentialAction":[{"@type":"ReadAction","target":["https:\/\/www-ppd.apps.centreon.com\/fr\/partenaires\/trouver-un-partenaire\/"]}]},{"@type":"BreadcrumbList","@id":"https:\/\/www-ppd.apps.centreon.com\/fr\/partenaires\/trouver-un-partenaire\/#breadcrumb","itemListElement":[{"@type":"ListItem","position":1,"name":"Home","item":"https:\/\/www-ppd.apps.centreon.com\/fr\/"},{"@type":"ListItem","position":2,"name":"Partenaires","item":"https:\/\/www-ppd.apps.centreon.com\/fr\/partenaires\/"},{"@type":"ListItem","position":3,"name":"Trouver un partenaire"}]},{"@type":"WebSite","@id":"https:\/\/www-ppd.apps.centreon.com\/fr\/#website","url":"https:\/\/www-ppd.apps.centreon.com\/fr\/","name":"Centreon","description":"Just another WordPress site","publisher":{"@id":"https:\/\/www-ppd.apps.centreon.com\/fr\/#organization"},"potentialAction":[{"@type":"SearchAction","target":{"@type":"EntryPoint","urlTemplate":"https:\/\/www-ppd.apps.centreon.com\/fr\/?s={search_term_string}"},"query-input":{"@type":"PropertyValueSpecification","valueRequired":true,"valueName":"search_term_string"}}],"inLanguage":"fr-FR"},{"@type":"Organization","@id":"https:\/\/www-ppd.apps.centreon.com\/fr\/#organization","name":"Centreon","url":"https:\/\/www-ppd.apps.centreon.com\/fr\/","logo":{"@type":"ImageObject","inLanguage":"fr-FR","@id":"https:\/\/www-ppd.apps.centreon.com\/fr\/#\/schema\/logo\/image\/","url":"https:\/\/www.centreon.com\/wp-content\/uploads\/2023\/07\/Logo_Centreon_Email_Signature_light_02.png","contentUrl":"https:\/\/www.centreon.com\/wp-content\/uploads\/2023\/07\/Logo_Centreon_Email_Signature_light_02.png","width":180,"height":42,"caption":"Centreon"},"image":{"@id":"https:\/\/www-ppd.apps.centreon.com\/fr\/#\/schema\/logo\/image\/"},"sameAs":["https:\/\/www.facebook.com\/CentreonMonitoring\/","https:\/\/x.com\/CentreonFR","https:\/\/www.linkedin.com\/company\/centreonsoftware\/","https:\/\/www.youtube.com\/channel\/UCIKJKvZ8acLmEg2fCdDzsvA","https:\/\/fr.wikipedia.org\/wiki\/Centreon"]}]}},"_links":{"self":[{"href":"https:\/\/www-ppd.apps.centreon.com\/fr\/wp-json\/wp\/v2\/pages\/18052","targetHints":{"allow":["GET"]}}],"collection":[{"href":"https:\/\/www-ppd.apps.centreon.com\/fr\/wp-json\/wp\/v2\/pages"}],"about":[{"href":"https:\/\/www-ppd.apps.centreon.com\/fr\/wp-json\/wp\/v2\/types\/page"}],"author":[{"embeddable":true,"href":"https:\/\/www-ppd.apps.centreon.com\/fr\/wp-json\/wp\/v2\/users\/2"}],"replies":[{"embeddable":true,"href":"https:\/\/www-ppd.apps.centreon.com\/fr\/wp-json\/wp\/v2\/comments?post=18052"}],"version-history":[{"count":8,"href":"https:\/\/www-ppd.apps.centreon.com\/fr\/wp-json\/wp\/v2\/pages\/18052\/revisions"}],"predecessor-version":[{"id":33722,"href":"https:\/\/www-ppd.apps.centreon.com\/fr\/wp-json\/wp\/v2\/pages\/18052\/revisions\/33722"}],"up":[{"embeddable":true,"href":"https:\/\/www-ppd.apps.centreon.com\/fr\/wp-json\/wp\/v2\/pages\/20549"}],"wp:attachment":[{"href":"https:\/\/www-ppd.apps.centreon.com\/fr\/wp-json\/wp\/v2\/media?parent=18052"}],"curies":[{"name":"wp","href":"https:\/\/api.w.org\/{rel}","templated":true}]}}