{"id":20558,"date":"2022-10-25T12:31:28","date_gmt":"2022-10-25T10:31:28","guid":{"rendered":"https:\/\/www-ppd.apps.centreon.com\/services\/centreon-monitoring-academy\/"},"modified":"2025-01-20T11:00:45","modified_gmt":"2025-01-20T10:00:45","slug":"centreon-monitoring-academy","status":"publish","type":"page","link":"https:\/\/www-ppd.apps.centreon.com\/fr\/services\/centreon-monitoring-academy\/","title":{"rendered":"Centreon Monitoring Academy"},"content":{"rendered":"\n<div class=\"wp-block-columns has-gradient-10-gradient-background has-background is-layout-flex wp-container-core-columns-is-layout-fed9ca69 wp-block-columns-is-layout-flex\" style=\"padding-top:140px;padding-bottom:100px\">\n<div class=\"wp-block-column is-layout-flow wp-block-column-is-layout-flow\">\n<div class=\"wp-block-columns is-layout-flex wp-container-core-columns-is-layout-28f84493 wp-block-columns-is-layout-flex\">\n<div class=\"wp-block-column is-layout-flow wp-block-column-is-layout-flow\">\n<h1 class=\"wp-block-heading\">Formation<\/h1>\n<\/div>\n<\/div>\n<\/div>\n<\/div>\n\n\n\n<div class=\"wp-block-columns has-white-color has-dark-background-color has-text-color has-background is-layout-flex wp-container-core-columns-is-layout-4bfa5c6b wp-block-columns-is-layout-flex\" style=\"padding-top:9px;padding-bottom:9px\">\n<div class=\"wp-block-column is-layout-flow wp-block-column-is-layout-flow\" style=\"flex-basis:100%\"><div class=\"yoast-breadcrumbs\"><span><span><a href=\"https:\/\/www-ppd.apps.centreon.com\/fr\/\"><span class=\"breadcrumb-home\"><span class=\"hidden\">Home<\/span><\/span><\/a><\/span> <span class=\"breadcrumb-separator\"><\/span> <span><a href=\"https:\/\/www-ppd.apps.centreon.com\/fr\/services\/\">Services<\/a><\/span> <span class=\"breadcrumb-separator\"><\/span> <span class=\"breadcrumb_last\" aria-current=\"page\">Centreon Monitoring Academy<\/span><\/span><\/div><\/div>\n<\/div>\n\n\n\n<div class=\"wp-block-columns has-white-background-color has-background is-layout-flex wp-container-core-columns-is-layout-28f84493 wp-block-columns-is-layout-flex\">\n<div class=\"wp-block-column has-white-color has-dark-background-color has-text-color has-background is-layout-flow wp-block-column-is-layout-flow\" style=\"padding-top:0;padding-right:0;padding-bottom:0;padding-left:0\">\n<p class=\"has-2-xl-font-size\" style=\"padding-top:var(--wp--preset--spacing--70);padding-right:var(--wp--preset--spacing--70);padding-bottom:var(--wp--preset--spacing--70);padding-left:var(--wp--preset--spacing--70)\"><strong>Persuad\u00e9s que la formation est le point de d\u00e9part pour accompagner nos clients vers le succ\u00e8s, Centreon, au travers de son organisme de formation certifi\u00e9 Datadock, d\u00e9ploie et propose un service de formation initiale et continue pour vous assurer une mont\u00e9e en comp\u00e9tences en phase avec le d\u00e9ploiement de votre solution dans votre entreprise.<\/strong><\/p>\n<\/div>\n<\/div>\n\n\n\n<div class=\"wp-block-columns has-white-background-color has-background is-layout-flex wp-container-core-columns-is-layout-70457ddf wp-block-columns-is-layout-flex\" style=\"padding-top:0px\">\n<div class=\"wp-block-column is-layout-flow wp-block-column-is-layout-flow\">\n<h2 class=\"wp-block-heading has-primary-color has-text-color has-3-xl-font-size\"><strong>La formation \u00e0 votre rythme<\/strong><\/h2>\n\n\n\n<p>Par l\u2019interm\u00e9diaire de notre formation en e-learning, vous vous formez \u00e0 votre rythme et selon vos besoins de mont\u00e9e en comp\u00e9tences. <a href=\"https:\/\/www-ppd.apps.centreon.com\/wp-content\/uploads\/2024\/10\/Taux-de-reussite-des-parcours-de-formation-.pdf\">Rapport d&rsquo;activit\u00e9s formation Centreon 2024<\/a>.<\/p>\n\n\n\n<div style=\"height:40px\" aria-hidden=\"true\" class=\"wp-block-spacer\"><\/div>\n\n\n\n<h2 class=\"wp-block-heading has-primary-color has-text-color has-3-xl-font-size\"><strong>Mont\u00e9e en comp\u00e9tences en fonction de votre usage<\/strong><\/h2>\n\n\n\n<p>Nous proposons des formations par profil : op\u00e9rateurs, administrateurs et experts. Vous pouvez ainsi choisir la formation qui correspond le plus \u00e0 votre utilisation. Vous \u00eates aujourd\u2019hui op\u00e9rateur, suivez la formation op\u00e9rateur ; vous passez administrateur, compl\u00e9tez vos connaissances avec le parcours de formation administrateur.   <\/p>\n\n\n\n<p>Vous \u00eates assur\u00e9s de vous former en fonction de l\u2019\u00e9volution de vos usages.<\/p>\n<\/div>\n\n\n\n<div class=\"wp-block-column is-layout-flow wp-block-column-is-layout-flow\" style=\"flex-basis:5%\"><\/div>\n\n\n\n<div class=\"wp-block-column is-layout-flow wp-block-column-is-layout-flow\">\n<h2 class=\"wp-block-heading has-primary-color has-text-color has-3-xl-font-size\">La pratique pour la ma\u00eetrise<\/h2>\n\n\n\n<p>Dans la foul\u00e9e de la formation th\u00e9orique, nos \u00e9quipes vous mettent \u00e0 disposition une plateforme d\u2019apprentissage pour mettre en pratique ce qui a \u00e9t\u00e9 pr\u00e9sent\u00e9 en formation. Vous pouvez ainsi tester vos comp\u00e9tences et valider vos acquis par la pratique d\u2019exercices. <\/p>\n\n\n\n<div style=\"height:40px\" aria-hidden=\"true\" class=\"wp-block-spacer\"><\/div>\n\n\n\n<h2 class=\"wp-block-heading has-primary-color has-text-color has-3-xl-font-size\"><strong>Centre de formation agr\u00e9\u00e9<\/strong><\/h2>\n\n\n\n<p>Centreon, en tant qu\u2019<a href=\"https:\/\/www-ppd.apps.centreon.com\/wp-content\/uploads\/2025\/01\/certificat-centreon-software-systems-france-2025.pdf\" target=\"_blank\" rel=\"noreferrer noopener\">organisme de formation<\/a>, propose l\u2019ensemble des m\u00e9thodes et parcours pour former ses clients : inter-entreprise, intra-entreprise, e-learning et blended-learning. Exprimez-nous votre besoin, nous vous trouverons la solution la plus appropri\u00e9e.<\/p>\n<\/div>\n<\/div>\n\n\n\n<div class=\"wp-block-columns has-gradient-10-gradient-background has-background is-layout-flex wp-container-core-columns-is-layout-28f84493 wp-block-columns-is-layout-flex\">\n<div class=\"wp-block-column is-layout-flow wp-block-column-is-layout-flow\">\n<p><kbd><mark style=\"background-color:#0000dd\" class=\"has-inline-color has-white-color\">PROGRAMMES DE FORMATION CENTREON<\/mark><\/kbd><\/p>\n\n\n\n<h2 class=\"wp-block-heading\">Nos programmes de formation<\/h2>\n\n\n\n<div class=\"wp-block-columns is-layout-flex wp-container-core-columns-is-layout-1fe1f53f wp-block-columns-is-layout-flex\" style=\"padding-top:20px;padding-bottom:20px\">\n<div class=\"wp-block-column is-layout-flow wp-block-column-is-layout-flow\"><div class=\"rounded-20 p-6 flex flex-col relative clickable-card font-semibold h-full justify-between min-h-[160px]\n              text-auto\">\n    <a href=\"https:\/\/www-ppd.apps.centreon.com\/fr\/services\/centreon-monitoring-academy\/lead-it\/\"\n       target=\"_self\"\n       class=\"absolute inset-0\"><\/a>\n\n    LEAD IT \u2013 Ma\u00eetriser la supervision des infrastructures IT\n\n    <a href=\"https:\/\/www-ppd.apps.centreon.com\/fr\/services\/centreon-monitoring-academy\/lead-it\/\"\n      target=\"_self\"\n      class=\"wp-block-button__link square-btn w-12 h-12 !px-0 !py-0 mt-8\n             standard-btn\n             self-end\">\n    <\/a>\n  <\/div>\n\n<\/div>\n\n\n\n<div class=\"wp-block-column is-layout-flow wp-block-column-is-layout-flow\"><div class=\"rounded-20 p-6 flex flex-col relative clickable-card font-semibold h-full justify-between min-h-[160px]\n              text-auto\">\n    <a href=\"https:\/\/www-ppd.apps.centreon.com\/fr\/services\/centreon-monitoring-academy\/lead-business\/\"\n       target=\"_self\"\n       class=\"absolute inset-0\"><\/a>\n\n    LEAD Business \u2013 Tirer parti de la supervision centr\u00e9e m\u00e9tier\n\n    <a href=\"https:\/\/www-ppd.apps.centreon.com\/fr\/services\/centreon-monitoring-academy\/lead-business\/\"\n      target=\"_self\"\n      class=\"wp-block-button__link square-btn w-12 h-12 !px-0 !py-0 mt-8\n             standard-btn\n             self-end\">\n    <\/a>\n  <\/div>\n\n<\/div>\n\n\n\n<div class=\"wp-block-column is-layout-flow wp-block-column-is-layout-flow\"><div class=\"rounded-20 p-6 flex flex-col relative clickable-card font-semibold h-full justify-between min-h-[160px]\n              text-auto\">\n    <a href=\"https:\/\/www-ppd.apps.centreon.com\/fr\/services\/centreon-monitoring-academy\/certification-initiale-partenaires\/\"\n       target=\"_self\"\n       class=\"absolute inset-0\"><\/a>\n\n    Certification initiale Partenaire Centreon Business Edition\n\n    <a href=\"https:\/\/www-ppd.apps.centreon.com\/fr\/services\/centreon-monitoring-academy\/certification-initiale-partenaires\/\"\n      target=\"_self\"\n      class=\"wp-block-button__link square-btn w-12 h-12 !px-0 !py-0 mt-8\n             standard-btn\n             self-end\">\n    <\/a>\n  <\/div>\n\n<\/div>\n<\/div>\n<\/div>\n<\/div>\n\n\n<div class=\"relative\">\n  <div class=\"absolute w-screen h-full transform -translate-x-1\/2 left-1\/2 top-0 z-0 bg-dark\"><\/div>\n        <svg class=\"pointer-events-none hidden lg:block absolute w-screen transform -translate-x-1\/2 left-1\/2 top-1\/2 z-1 -translate-y-1\/2\"\n    xmlns=\"http:\/\/www.w3.org\/2000\/svg\" xmlns:xlink=\"http:\/\/www.w3.org\/1999\/xlink\" viewBox=\"0 0 1440 752\">\n    <defs>\n        <linearGradient id=\"bg-wave-08\" x1=\"-9447.65\" y1=\"8697.78\" x2=\"-8095.36\" y2=\"8697.78\"\n            gradientTransform=\"translate(-6338.07 4212.44) rotate(135) scale(.91 -.28)\" gradientUnits=\"userSpaceOnUse\">\n            <stop offset=\"0\" stop-color=\"#37d6ae\" \/>\n            <stop offset=\".54\" stop-color=\"#c26cf7\" \/>\n            <stop offset=\"1\" stop-color=\"#00d\" \/>\n        <\/linearGradient>\n    <\/defs>\n    <path class=\"draw-me to-animate\" fill=\"none\" stroke=\"url(#bg-wave-08)\" stroke-width=\"24\" stroke-linecap=\"round\" stroke-miterlimit=\"10\"\n        d=\"M501.02,647.02c246.98-257.02,473.81-122.2,688.98-246.02,161.95-101.02,170.06-322.86,303.5-466.16\" \/>\n<\/svg>\n    <div class=\"relative z-10 py-20\">\n    \n\n<div class=\"wp-block-columns has-white-color has-text-color is-layout-flex wp-container-core-columns-is-layout-701c2d95 wp-block-columns-is-layout-flex\" style=\"padding-top:var(--wp--preset--spacing--80);padding-bottom:var(--wp--preset--spacing--80)\">\n<div class=\"wp-block-column is-layout-flow wp-block-column-is-layout-flow\">\n<h2 class=\"wp-block-heading\">Certification LEAD pour les utilisateurs finaux<\/h2>\n\n\n\n<p>Obtenez la certification officielle attestant du niveau de connaissance et d\u2019expertise acquise dans la ma\u00eetrise d\u2019un environnement Centreon. Inclus dans les deux parcours (validit\u00e9 : 2 ans). <\/p>\n\n\n\n<div style=\"height:20px\" aria-hidden=\"true\" class=\"wp-block-spacer\"><\/div>\n\n\n\n<p class=\"has-white-color has-text-color has-lg-font-size\">Pour toute question, <a href=\"https:\/\/www-ppd.apps.centreon.com\/fr\/contact\/\">contactez-nous.<\/a><\/p>\n<\/div>\n\n\n\n<div class=\"wp-block-column is-layout-flow wp-block-column-is-layout-flow\" style=\"flex-basis:5%\"><\/div>\n\n\n\n<div class=\"wp-block-column is-layout-flow wp-block-column-is-layout-flow\">\n<figure class=\"wp-block-image aligncenter size-full\"><img fetchpriority=\"low\" loading=\"lazy\" decoding=\"async\" width=\"512\" height=\"446\" src=\"https:\/\/www-ppd.apps.centreon.com\/wp-content\/uploads\/2022\/10\/ImgCadreLEAD.png\" alt=\"\" class=\"wp-image-3043\" srcset=\"https:\/\/www-ppd.apps.centreon.com\/uploads\/2022\/10\/ImgCadreLEAD.png 512w, https:\/\/www-ppd.apps.centreon.com\/uploads\/2022\/10\/ImgCadreLEAD-300x261.png 300w\" sizes=\"auto, (max-width: 512px) 100vw, 512px\" \/><\/figure>\n<\/div>\n<\/div>\n\n\n  <\/div>\n<\/div>\n\n\n\n<div style=\"height:1px\" aria-hidden=\"true\" class=\"wp-block-spacer\"><\/div>\n\n\n\n<div class=\"wp-block-group is-layout-flow wp-block-group-is-layout-flow\">\n<div class=\"wp-block-columns are-vertically-aligned-center has-white-color has-dark-background-color has-text-color has-background is-layout-flex wp-container-core-columns-is-layout-0e0088bb wp-block-columns-is-layout-flex\" style=\"padding-top:30px;padding-bottom:30px\">\n<div class=\"wp-block-column is-vertically-aligned-center is-layout-flow wp-block-column-is-layout-flow\" style=\"flex-basis:60%\">\n<p class=\"has-2-xl-font-size\">D\u00e9couvrez comment Centreon va transformer votre business<\/p>\n<\/div>\n\n\n\n<div class=\"wp-block-column is-vertically-aligned-center is-layout-flow wp-block-column-is-layout-flow\">\n<div class=\"wp-block-buttons is-content-justification-right is-layout-flex wp-container-core-buttons-is-layout-d445cf74 wp-block-buttons-is-layout-flex\">\n<div class=\"wp-block-button\"><a class=\"wp-block-button__link has-dark-background-color has-background wp-element-button\" href=\"https:\/\/www-ppd.apps.centreon.com\/fr\/contact\/\">Contactez-nous<\/a><\/div>\n\n\n\n<div class=\"wp-block-button\"><a class=\"wp-block-button__link has-dark-background-color has-background wp-element-button\" href=\"https:\/\/www-ppd.apps.centreon.com\/fr\/essai-gratuit\/\">Essai gratuit<\/a><\/div>\n<\/div>\n<\/div>\n<\/div>\n\n\n\n<div class=\"wp-block-columns are-vertically-aligned-center has-white-color has-primary-background-color has-text-color has-background is-layout-flex wp-container-core-columns-is-layout-0e0088bb wp-block-columns-is-layout-flex\" style=\"padding-top:30px;padding-bottom:30px\">\n<div class=\"wp-block-column is-vertically-aligned-center is-layout-flow wp-block-column-is-layout-flow\">\n<p class=\"has-2-xl-font-size\">Restez inform\u00e9s sur notre actualit\u00e9<\/p>\n<\/div>\n\n\n\n<div class=\"wp-block-column is-vertically-aligned-center is-layout-flow wp-block-column-is-layout-flow\"><div class=\"newsletter-form w-full\">\n  <form class=\"w-full\">\n    <div class=\"w-full flex items-center bg-white\/20 text-white rounded-10 px-4 text-lg\">\n      <input type=\"email\" name=\"email\" placeholder=\"Saisissez votre adresse email\"\n             class=\"w-full text-light h-8 pl-0 appearance-none bg-transparent rounded-none placeholder-white autofill:bg-transparent focus:outline-none\" required>\n      <button type=\"submit\" class=\"cursor-pointer appearance-none pl-4 py-3 shrink-0\" aria-label=\"Recherche\">\n        Je m&rsquo;abonne      <\/button>\n    <\/div>\n  <\/form>\n  <div class=\"alert-success bg-white bg-opacity-20 text-white px-4 py-3 rounded-10\" style=\"display:none\">\n    Thank you for your subscription.  <\/div>\n<\/div>\n<\/div>\n<\/div>\n<\/div>\n","protected":false},"excerpt":{"rendered":"<p>Formation Persuad\u00e9s que la formation est le point de d\u00e9part pour accompagner nos clients vers le succ\u00e8s, Centreon, au travers de son organisme de formation certifi\u00e9 Datadock, d\u00e9ploie et propose un service de formation initiale&nbsp;&#8230;<\/p>\n","protected":false},"author":2,"featured_media":0,"parent":20555,"menu_order":3,"comment_status":"closed","ping_status":"closed","template":"","meta":{"_acf_changed":false,"footnotes":""},"class_list":["post-20558","page","type-page","status-publish","hentry"],"acf":[],"yoast_head":"<!-- This site is optimized with the Yoast SEO plugin v26.6 - https:\/\/yoast.com\/wordpress\/plugins\/seo\/ -->\n<title>Centreon Monitoring Academy | Supervision informatique<\/title>\n<meta name=\"description\" content=\"Explorez la Centreon Monitoring Academy et d\u00e9couvrez comment nous pouvons vous aider \u00e0 d\u00e9velopper vos comp\u00e9tences \u00e0 travers nos formations.\" \/>\n<meta name=\"robots\" content=\"noindex, follow, max-snippet:-1, max-image-preview:large, max-video-preview:-1\" \/>\n<meta property=\"og:locale\" content=\"fr_FR\" \/>\n<meta property=\"og:type\" content=\"article\" \/>\n<meta property=\"og:title\" content=\"Centreon Monitoring Academy | Supervision informatique\" \/>\n<meta property=\"og:description\" content=\"Explorez la Centreon Monitoring Academy et d\u00e9couvrez comment nous pouvons vous aider \u00e0 d\u00e9velopper vos comp\u00e9tences \u00e0 travers nos formations.\" \/>\n<meta property=\"og:url\" content=\"https:\/\/www-ppd.apps.centreon.com\/fr\/services\/centreon-monitoring-academy\/\" \/>\n<meta property=\"og:site_name\" content=\"Centreon\" \/>\n<meta property=\"article:publisher\" content=\"https:\/\/www.facebook.com\/CentreonMonitoring\/\" \/>\n<meta property=\"article:modified_time\" content=\"2025-01-20T10:00:45+00:00\" \/>\n<meta property=\"og:image\" content=\"https:\/\/www-ppd.apps.centreon.com\/wp-content\/uploads\/2022\/10\/ImgCadreLEAD.png\" \/>\n<meta name=\"twitter:card\" content=\"summary_large_image\" \/>\n<meta name=\"twitter:site\" content=\"@CentreonFR\" \/>\n<meta name=\"twitter:label1\" content=\"Dur\u00e9e de lecture estim\u00e9e\" \/>\n\t<meta name=\"twitter:data1\" content=\"2 minutes\" \/>\n<script type=\"application\/ld+json\" class=\"yoast-schema-graph\">{\"@context\":\"https:\/\/schema.org\",\"@graph\":[{\"@type\":\"WebPage\",\"@id\":\"https:\/\/www-ppd.apps.centreon.com\/fr\/services\/centreon-monitoring-academy\/\",\"url\":\"https:\/\/www-ppd.apps.centreon.com\/fr\/services\/centreon-monitoring-academy\/\",\"name\":\"Centreon Monitoring Academy | Supervision informatique\",\"isPartOf\":{\"@id\":\"https:\/\/www-ppd.apps.centreon.com\/fr\/#website\"},\"primaryImageOfPage\":{\"@id\":\"https:\/\/www-ppd.apps.centreon.com\/fr\/services\/centreon-monitoring-academy\/#primaryimage\"},\"image\":{\"@id\":\"https:\/\/www-ppd.apps.centreon.com\/fr\/services\/centreon-monitoring-academy\/#primaryimage\"},\"thumbnailUrl\":\"https:\/\/www-ppd.apps.centreon.com\/wp-content\/uploads\/2022\/10\/ImgCadreLEAD.png\",\"datePublished\":\"2022-10-25T10:31:28+00:00\",\"dateModified\":\"2025-01-20T10:00:45+00:00\",\"description\":\"Explorez la Centreon Monitoring Academy et d\u00e9couvrez comment nous pouvons vous aider \u00e0 d\u00e9velopper vos comp\u00e9tences \u00e0 travers nos formations.\",\"breadcrumb\":{\"@id\":\"https:\/\/www-ppd.apps.centreon.com\/fr\/services\/centreon-monitoring-academy\/#breadcrumb\"},\"inLanguage\":\"fr-FR\",\"potentialAction\":[{\"@type\":\"ReadAction\",\"target\":[\"https:\/\/www-ppd.apps.centreon.com\/fr\/services\/centreon-monitoring-academy\/\"]}]},{\"@type\":\"ImageObject\",\"inLanguage\":\"fr-FR\",\"@id\":\"https:\/\/www-ppd.apps.centreon.com\/fr\/services\/centreon-monitoring-academy\/#primaryimage\",\"url\":\"https:\/\/www-ppd.apps.centreon.com\/wp-content\/uploads\/2022\/10\/ImgCadreLEAD.png\",\"contentUrl\":\"https:\/\/www-ppd.apps.centreon.com\/wp-content\/uploads\/2022\/10\/ImgCadreLEAD.png\"},{\"@type\":\"BreadcrumbList\",\"@id\":\"https:\/\/www-ppd.apps.centreon.com\/fr\/services\/centreon-monitoring-academy\/#breadcrumb\",\"itemListElement\":[{\"@type\":\"ListItem\",\"position\":1,\"name\":\"Home\",\"item\":\"https:\/\/www-ppd.apps.centreon.com\/fr\/\"},{\"@type\":\"ListItem\",\"position\":2,\"name\":\"Services\",\"item\":\"https:\/\/www-ppd.apps.centreon.com\/fr\/services\/\"},{\"@type\":\"ListItem\",\"position\":3,\"name\":\"Centreon Monitoring Academy\"}]},{\"@type\":\"WebSite\",\"@id\":\"https:\/\/www-ppd.apps.centreon.com\/fr\/#website\",\"url\":\"https:\/\/www-ppd.apps.centreon.com\/fr\/\",\"name\":\"Centreon\",\"description\":\"Just another WordPress site\",\"publisher\":{\"@id\":\"https:\/\/www-ppd.apps.centreon.com\/fr\/#organization\"},\"potentialAction\":[{\"@type\":\"SearchAction\",\"target\":{\"@type\":\"EntryPoint\",\"urlTemplate\":\"https:\/\/www-ppd.apps.centreon.com\/fr\/?s={search_term_string}\"},\"query-input\":{\"@type\":\"PropertyValueSpecification\",\"valueRequired\":true,\"valueName\":\"search_term_string\"}}],\"inLanguage\":\"fr-FR\"},{\"@type\":\"Organization\",\"@id\":\"https:\/\/www-ppd.apps.centreon.com\/fr\/#organization\",\"name\":\"Centreon\",\"url\":\"https:\/\/www-ppd.apps.centreon.com\/fr\/\",\"logo\":{\"@type\":\"ImageObject\",\"inLanguage\":\"fr-FR\",\"@id\":\"https:\/\/www-ppd.apps.centreon.com\/fr\/#\/schema\/logo\/image\/\",\"url\":\"https:\/\/www.centreon.com\/wp-content\/uploads\/2023\/07\/Logo_Centreon_Email_Signature_light_02.png\",\"contentUrl\":\"https:\/\/www.centreon.com\/wp-content\/uploads\/2023\/07\/Logo_Centreon_Email_Signature_light_02.png\",\"width\":180,\"height\":42,\"caption\":\"Centreon\"},\"image\":{\"@id\":\"https:\/\/www-ppd.apps.centreon.com\/fr\/#\/schema\/logo\/image\/\"},\"sameAs\":[\"https:\/\/www.facebook.com\/CentreonMonitoring\/\",\"https:\/\/x.com\/CentreonFR\",\"https:\/\/www.linkedin.com\/company\/centreonsoftware\/\",\"https:\/\/www.youtube.com\/channel\/UCIKJKvZ8acLmEg2fCdDzsvA\",\"https:\/\/fr.wikipedia.org\/wiki\/Centreon\"]}]}<\/script>\n<!-- \/ Yoast SEO plugin. -->","yoast_head_json":{"title":"Centreon Monitoring Academy | Supervision informatique","description":"Explorez la Centreon Monitoring Academy et d\u00e9couvrez comment nous pouvons vous aider \u00e0 d\u00e9velopper vos comp\u00e9tences \u00e0 travers nos formations.","robots":{"index":"noindex","follow":"follow","max-snippet":"max-snippet:-1","max-image-preview":"max-image-preview:large","max-video-preview":"max-video-preview:-1"},"og_locale":"fr_FR","og_type":"article","og_title":"Centreon Monitoring Academy | Supervision informatique","og_description":"Explorez la Centreon Monitoring Academy et d\u00e9couvrez comment nous pouvons vous aider \u00e0 d\u00e9velopper vos comp\u00e9tences \u00e0 travers nos formations.","og_url":"https:\/\/www-ppd.apps.centreon.com\/fr\/services\/centreon-monitoring-academy\/","og_site_name":"Centreon","article_publisher":"https:\/\/www.facebook.com\/CentreonMonitoring\/","article_modified_time":"2025-01-20T10:00:45+00:00","og_image":[{"url":"https:\/\/www-ppd.apps.centreon.com\/wp-content\/uploads\/2022\/10\/ImgCadreLEAD.png","type":"","width":"","height":""}],"twitter_card":"summary_large_image","twitter_site":"@CentreonFR","twitter_misc":{"Dur\u00e9e de lecture estim\u00e9e":"2 minutes"},"schema":{"@context":"https:\/\/schema.org","@graph":[{"@type":"WebPage","@id":"https:\/\/www-ppd.apps.centreon.com\/fr\/services\/centreon-monitoring-academy\/","url":"https:\/\/www-ppd.apps.centreon.com\/fr\/services\/centreon-monitoring-academy\/","name":"Centreon Monitoring Academy | Supervision informatique","isPartOf":{"@id":"https:\/\/www-ppd.apps.centreon.com\/fr\/#website"},"primaryImageOfPage":{"@id":"https:\/\/www-ppd.apps.centreon.com\/fr\/services\/centreon-monitoring-academy\/#primaryimage"},"image":{"@id":"https:\/\/www-ppd.apps.centreon.com\/fr\/services\/centreon-monitoring-academy\/#primaryimage"},"thumbnailUrl":"https:\/\/www-ppd.apps.centreon.com\/wp-content\/uploads\/2022\/10\/ImgCadreLEAD.png","datePublished":"2022-10-25T10:31:28+00:00","dateModified":"2025-01-20T10:00:45+00:00","description":"Explorez la Centreon Monitoring Academy et d\u00e9couvrez comment nous pouvons vous aider \u00e0 d\u00e9velopper vos comp\u00e9tences \u00e0 travers nos formations.","breadcrumb":{"@id":"https:\/\/www-ppd.apps.centreon.com\/fr\/services\/centreon-monitoring-academy\/#breadcrumb"},"inLanguage":"fr-FR","potentialAction":[{"@type":"ReadAction","target":["https:\/\/www-ppd.apps.centreon.com\/fr\/services\/centreon-monitoring-academy\/"]}]},{"@type":"ImageObject","inLanguage":"fr-FR","@id":"https:\/\/www-ppd.apps.centreon.com\/fr\/services\/centreon-monitoring-academy\/#primaryimage","url":"https:\/\/www-ppd.apps.centreon.com\/wp-content\/uploads\/2022\/10\/ImgCadreLEAD.png","contentUrl":"https:\/\/www-ppd.apps.centreon.com\/wp-content\/uploads\/2022\/10\/ImgCadreLEAD.png"},{"@type":"BreadcrumbList","@id":"https:\/\/www-ppd.apps.centreon.com\/fr\/services\/centreon-monitoring-academy\/#breadcrumb","itemListElement":[{"@type":"ListItem","position":1,"name":"Home","item":"https:\/\/www-ppd.apps.centreon.com\/fr\/"},{"@type":"ListItem","position":2,"name":"Services","item":"https:\/\/www-ppd.apps.centreon.com\/fr\/services\/"},{"@type":"ListItem","position":3,"name":"Centreon Monitoring Academy"}]},{"@type":"WebSite","@id":"https:\/\/www-ppd.apps.centreon.com\/fr\/#website","url":"https:\/\/www-ppd.apps.centreon.com\/fr\/","name":"Centreon","description":"Just another WordPress site","publisher":{"@id":"https:\/\/www-ppd.apps.centreon.com\/fr\/#organization"},"potentialAction":[{"@type":"SearchAction","target":{"@type":"EntryPoint","urlTemplate":"https:\/\/www-ppd.apps.centreon.com\/fr\/?s={search_term_string}"},"query-input":{"@type":"PropertyValueSpecification","valueRequired":true,"valueName":"search_term_string"}}],"inLanguage":"fr-FR"},{"@type":"Organization","@id":"https:\/\/www-ppd.apps.centreon.com\/fr\/#organization","name":"Centreon","url":"https:\/\/www-ppd.apps.centreon.com\/fr\/","logo":{"@type":"ImageObject","inLanguage":"fr-FR","@id":"https:\/\/www-ppd.apps.centreon.com\/fr\/#\/schema\/logo\/image\/","url":"https:\/\/www.centreon.com\/wp-content\/uploads\/2023\/07\/Logo_Centreon_Email_Signature_light_02.png","contentUrl":"https:\/\/www.centreon.com\/wp-content\/uploads\/2023\/07\/Logo_Centreon_Email_Signature_light_02.png","width":180,"height":42,"caption":"Centreon"},"image":{"@id":"https:\/\/www-ppd.apps.centreon.com\/fr\/#\/schema\/logo\/image\/"},"sameAs":["https:\/\/www.facebook.com\/CentreonMonitoring\/","https:\/\/x.com\/CentreonFR","https:\/\/www.linkedin.com\/company\/centreonsoftware\/","https:\/\/www.youtube.com\/channel\/UCIKJKvZ8acLmEg2fCdDzsvA","https:\/\/fr.wikipedia.org\/wiki\/Centreon"]}]}},"_links":{"self":[{"href":"https:\/\/www-ppd.apps.centreon.com\/fr\/wp-json\/wp\/v2\/pages\/20558","targetHints":{"allow":["GET"]}}],"collection":[{"href":"https:\/\/www-ppd.apps.centreon.com\/fr\/wp-json\/wp\/v2\/pages"}],"about":[{"href":"https:\/\/www-ppd.apps.centreon.com\/fr\/wp-json\/wp\/v2\/types\/page"}],"author":[{"embeddable":true,"href":"https:\/\/www-ppd.apps.centreon.com\/fr\/wp-json\/wp\/v2\/users\/2"}],"replies":[{"embeddable":true,"href":"https:\/\/www-ppd.apps.centreon.com\/fr\/wp-json\/wp\/v2\/comments?post=20558"}],"version-history":[{"count":9,"href":"https:\/\/www-ppd.apps.centreon.com\/fr\/wp-json\/wp\/v2\/pages\/20558\/revisions"}],"predecessor-version":[{"id":37952,"href":"https:\/\/www-ppd.apps.centreon.com\/fr\/wp-json\/wp\/v2\/pages\/20558\/revisions\/37952"}],"up":[{"embeddable":true,"href":"https:\/\/www-ppd.apps.centreon.com\/fr\/wp-json\/wp\/v2\/pages\/20555"}],"wp:attachment":[{"href":"https:\/\/www-ppd.apps.centreon.com\/fr\/wp-json\/wp\/v2\/media?parent=20558"}],"curies":[{"name":"wp","href":"https:\/\/api.w.org\/{rel}","templated":true}]}}