{"id":35674,"date":"2024-05-07T10:24:09","date_gmt":"2024-05-07T08:24:09","guid":{"rendered":"https:\/\/www-ppd.apps.centreon.com\/?page_id=35674"},"modified":"2025-07-16T14:08:13","modified_gmt":"2025-07-16T12:08:13","slug":"centreon-open-source-manifesto","status":"publish","type":"page","link":"https:\/\/www-ppd.apps.centreon.com\/fr\/centreon-open-source-manifesto\/","title":{"rendered":"Manifesto Open Source Centreon"},"content":{"rendered":"\n<div class=\"wp-block-columns has-dark-color has-gradient-10-gradient-background has-text-color has-background is-layout-flex wp-container-core-columns-is-layout-6047a9f7 wp-block-columns-is-layout-flex\" style=\"padding-top:10rem;padding-bottom:7rem\">\n<div class=\"wp-block-column is-layout-flow wp-block-column-is-layout-flow\" style=\"padding-top:0\">\n<h1 class=\"wp-block-heading\">Manifesto Open Source Centreon<\/h1>\n\n\n\n<p>En 2003, deux \u00e9tudiants enthousiastes ont lanc\u00e9 Centreon en tant que projet Open Source. Ils ont cr\u00e9\u00e9 une soci\u00e9t\u00e9 deux ans plus tard pour aider le projet \u00e0 se d\u00e9velopper mais sont toujours rest\u00e9s fid\u00e8les \u00e0 leurs engagements en mati\u00e8re d&rsquo;Open Source. Aujourd&rsquo;hui, Centreon aide des \u00e9quipes informatiques dans le monde entier.<\/p>\n\n\n\n<p>L&rsquo;Open Source est notre choix, retrouvez ici ce que cela signifie pour nous, et pour le reste du monde !<\/p>\n<\/div>\n<\/div>\n\n\n\n<div class=\"wp-block-columns has-white-color has-dark-background-color has-text-color has-background is-layout-flex wp-container-core-columns-is-layout-4bfa5c6b wp-block-columns-is-layout-flex\" style=\"padding-top:9px;padding-bottom:9px\">\n<div class=\"wp-block-column is-layout-flow wp-block-column-is-layout-flow\" style=\"flex-basis:100%\"><div class=\"yoast-breadcrumbs\"><span><span><a href=\"https:\/\/www-ppd.apps.centreon.com\/fr\/\"><span class=\"breadcrumb-home\"><span class=\"hidden\">Home<\/span><\/span><\/a><\/span> <span class=\"breadcrumb-separator\"><\/span> <span class=\"breadcrumb_last\" aria-current=\"page\">Manifesto Open Source Centreon<\/span><\/span><\/div><\/div>\n<\/div>\n\n\n\n<div class=\"wp-block-columns has-white-background-color has-background is-layout-flex wp-container-core-columns-is-layout-28f84493 wp-block-columns-is-layout-flex\">\n<div class=\"wp-block-column has-purple-light-background-color has-background is-layout-flow wp-block-column-is-layout-flow\">\n<h2 class=\"wp-block-heading has-dark-color has-text-color\" style=\"padding-top:var(--wp--preset--spacing--50)\">L\u2019IT qui fait tourner le monde est un <em>IT Open Source<\/em>.<\/h2>\n\n\n\n<p>L\u2019IT fait tourner le monde. Il est au c\u0153ur m\u00eame de tout ce que nous faisons aujourd&rsquo;hui dans les entreprises et dans nos vies personnelles.<\/p>\n\n\n\n<p>Chez Centreon, nous d\u00e9fendons fermement le potentiel de transformation des logiciels libres, affirmant qu&rsquo;ils fournissent aux organisations la cr\u00e9ativit\u00e9 et l&rsquo;agilit\u00e9 n\u00e9cessaires pour construire et g\u00e9rer l&rsquo;infrastructure IT qui sous-tend notre univers num\u00e9rique.<\/p>\n\n\n\n<p>En r\u00e9alit\u00e9, nous sommes convaincus que la richesse et la diversit\u00e9 des projets Open Source ont jou\u00e9 un r\u00f4le indispensable dans le fa\u00e7onnage du paysage num\u00e9rique et interconnect\u00e9 d&rsquo;aujourd&rsquo;hui.<\/p>\n\n\n\n<h2 class=\"wp-block-heading has-dark-color has-text-color\" style=\"padding-top:var(--wp--preset--spacing--50)\">La p\u00e9rennit\u00e9 est un d\u00e9fi, <em>l\u2019Open Source une opportunit\u00e9<\/em>.<\/h2>\n\n\n\n<p>Notre environnement num\u00e9rique complexe ne reste jamais statique du fait de son \u00e9volution constante. Mais la technologie, en \u00e9voluant sans cesse, offre aux organisations une base pour innover et obtenir un avantage concurrentiel.<\/p>\n\n\n\n<p>L&rsquo;Open Source joue un r\u00f4le crucial dans la p\u00e9rennit\u00e9 des plateformes IT en r\u00e9duisant la d\u00e9pendance vis-\u00e0-vis de fournisseurs sp\u00e9cifiques, en augmentant la transparence et en offrant la flexibilit\u00e9 n\u00e9cessaire pour s&rsquo;adapter aux besoins changeants de l&rsquo;entreprise.<\/p>\n\n\n\n<p>Gr\u00e2ce \u00e0 une communaut\u00e9 de d\u00e9veloppeurs qui maintiennent et d\u00e9veloppent la solution, les projets Open Source ont souvent une dur\u00e9e de vie plus longue que les logiciels commerciaux.<\/p>\n\n\n\n<h2 class=\"wp-block-heading has-dark-color has-text-color\" style=\"padding-top:var(--wp--preset--spacing--50)\">Une entreprise \u00ab Always-on \u00bb a besoin de <em>solutions \u00ab Enterprise-ready \u00bb<\/em>.<\/h2>\n\n\n\n<p>L&rsquo;IT est une plateforme qui active, assure et pilote la performance de l&rsquo;entreprise. Elle doit \u00eatre toujours disponible, avec des r\u00e9seaux, des services et des applications fonctionnant de mani\u00e8re optimale pour offrir une exp\u00e9rience client parfaite. Aujourd&rsquo;hui, les entreprises ne peuvent pas se permettre de ralentir ou pire, de s&rsquo;arr\u00eater.<\/p>\n\n\n\n<p>Centreon travaille avec un r\u00e9seau de partenaires pour fournir des solutions de surveillance informatique s\u00e9curis\u00e9es et fiables, soutenues par des services professionnels de classe mondiale et un support client de premier ordre.<\/p>\n\n\n\n<p>Nous reconnaissons la valeur sup\u00e9rieure et la productivit\u00e9 offertes par la convergence de deux mondes : l&rsquo;ouverture et la flexibilit\u00e9 d&rsquo;une solution Open Source, combin\u00e9es \u00e0 la tranquillit\u00e9 d&rsquo;esprit qu&rsquo;offre une distribution pr\u00eate pour l&rsquo;entreprise.<\/p>\n\n\n\n<h2 class=\"wp-block-heading has-dark-color has-text-color\" style=\"padding-top:var(--wp--preset--spacing--50)\">Chez Centreon, <em>nous sommes fiers de contribuer<\/em>.<\/h2>\n\n\n\n<p>En 2003, nous avons pressenti que l&rsquo;Open Source serait l&rsquo;avenir et qu&rsquo;il aurait un impact majeur sur le monde, l&rsquo;industrie et les individus. C&rsquo;est pour cette raison que nous continuons \u00e0 contribuer \u00e0 l&rsquo;Open Source aujourd&rsquo;hui.<\/p>\n\n\n\n<p>Nous sommes convaincus que l&rsquo;Open Source contribue \u00e0 la cr\u00e9ation d&rsquo;un monde meilleur en rendant des technologies \u00e0 fort impact accessibles \u00e0 tous.<\/p>\n\n\n\n<p>Nous croyons que l&rsquo;Open Source stimule l&rsquo;innovation et l&rsquo;excellence dans le secteur des technologies de l&rsquo;information. En rendant le code source accessible, nous ouvrons la voie \u00e0 des id\u00e9es r\u00e9volutionnaires et \u00e9largissons les horizons.<\/p>\n\n\n\n<p>La collaboration et le partage des connaissances sont les cl\u00e9s du progr\u00e8s. Nous nous engageons donc \u00e0 promouvoir un environnement o\u00f9 les d\u00e9veloppeurs, les utilisateurs et les passionn\u00e9s peuvent collaborer de mani\u00e8re transparente, en \u00e9liminant les barri\u00e8res et en tirant parti de l&rsquo;intelligence collective pour une plus grande libert\u00e9.<\/p>\n\n\n\n<h2 class=\"wp-block-heading has-dark-color has-text-color\" style=\"padding-top:var(--wp--preset--spacing--50)\">Nous comprenons l\u2019Open Source, <em>nous nous engageons pour l\u2019Open Source<\/em>.<\/h2>\n\n\n\n<p>Gr\u00e2ce \u00e0 l&rsquo;histoire de Centreon et au parcours de nos collaborateurs, nous comprenons l&rsquo;importance d&rsquo;\u00eatre de bons citoyens de l&rsquo;Open Source. Cela se traduit par des d\u00e9clarations concr\u00e8tes que nous voulons rendre publiques ici afin qu&rsquo;elles nous engagent : ensemble, elles forment la <a href=\"https:\/\/www-ppd.apps.centreon.com\/fr\/politique-open-source-centreon\/\">Politique Open Source Centreon<\/a>.<\/p>\n<\/div>\n<\/div>\n\n\n\n<div class=\"wp-block-group is-layout-flow wp-block-group-is-layout-flow\">\n<div class=\"wp-block-columns are-vertically-aligned-center has-white-color has-dark-background-color has-text-color has-background is-layout-flex wp-container-core-columns-is-layout-0e0088bb wp-block-columns-is-layout-flex\" style=\"padding-top:30px;padding-bottom:30px\">\n<div class=\"wp-block-column is-vertically-aligned-center is-layout-flow wp-block-column-is-layout-flow\" style=\"flex-basis:60%\">\n<p class=\"has-2-xl-font-size\">D\u00e9couvrez comment Centreon va transformer votre business<\/p>\n<\/div>\n\n\n\n<div class=\"wp-block-column is-vertically-aligned-center is-layout-flow wp-block-column-is-layout-flow\">\n<div class=\"wp-block-buttons is-content-justification-right is-layout-flex wp-container-core-buttons-is-layout-d445cf74 wp-block-buttons-is-layout-flex\">\n<div class=\"wp-block-button\"><a class=\"wp-block-button__link has-dark-background-color has-background wp-element-button\" href=\"https:\/\/www-ppd.apps.centreon.com\/fr\/contact\/\">Contactez-nous<\/a><\/div>\n\n\n\n<div class=\"wp-block-button\"><a class=\"wp-block-button__link has-dark-background-color has-background wp-element-button\" href=\"https:\/\/www-ppd.apps.centreon.com\/fr\/essai-gratuit\/\">Essai gratuit<\/a><\/div>\n<\/div>\n<\/div>\n<\/div>\n\n\n\n<div class=\"wp-block-columns are-vertically-aligned-center has-white-color has-primary-background-color has-text-color has-background is-layout-flex wp-container-core-columns-is-layout-0e0088bb wp-block-columns-is-layout-flex\" style=\"padding-top:30px;padding-bottom:30px\">\n<div class=\"wp-block-column is-vertically-aligned-center is-layout-flow wp-block-column-is-layout-flow\">\n<p class=\"has-2-xl-font-size\">Restez inform\u00e9s sur notre actualit\u00e9<\/p>\n<\/div>\n\n\n\n<div class=\"wp-block-column is-vertically-aligned-center is-layout-flow wp-block-column-is-layout-flow\"><div class=\"newsletter-form w-full\">\n  <form class=\"w-full\">\n    <div class=\"w-full flex items-center bg-white\/20 text-white rounded-10 px-4 text-lg\">\n      <input type=\"email\" name=\"email\" placeholder=\"Saisissez votre adresse email\"\n             class=\"w-full text-light h-8 pl-0 appearance-none bg-transparent rounded-none placeholder-white autofill:bg-transparent focus:outline-none\" required>\n      <button type=\"submit\" class=\"cursor-pointer appearance-none pl-4 py-3 shrink-0\" aria-label=\"Recherche\">\n        Je m&rsquo;abonne      <\/button>\n    <\/div>\n  <\/form>\n  <div class=\"alert-success bg-white bg-opacity-20 text-white px-4 py-3 rounded-10\" style=\"display:none\">\n    Thank you for your subscription.  <\/div>\n<\/div>\n<\/div>\n<\/div>\n<\/div>\n","protected":false},"excerpt":{"rendered":"<p>Manifesto Open Source Centreon En 2003, deux \u00e9tudiants enthousiastes ont lanc\u00e9 Centreon en tant que projet Open Source. Ils ont cr\u00e9\u00e9 une soci\u00e9t\u00e9 deux ans plus tard pour aider le projet \u00e0 se d\u00e9velopper mais&nbsp;&#8230;<\/p>\n","protected":false},"author":3,"featured_media":0,"parent":0,"menu_order":97,"comment_status":"closed","ping_status":"closed","template":"","meta":{"_acf_changed":false,"footnotes":""},"class_list":["post-35674","page","type-page","status-publish","hentry"],"acf":[],"yoast_head":"<!-- This site is optimized with the Yoast SEO plugin v26.6 - https:\/\/yoast.com\/wordpress\/plugins\/seo\/ -->\n<title>Open Source Manifesto | Centreon logiciel de supervision IT<\/title>\n<meta name=\"description\" content=\"En 2003, deux \u00e9tudiants enthousiastes ont lanc\u00e9 Centreon en tant que projet open source. Ils ont cr\u00e9\u00e9 une soci\u00e9t\u00e9 pour aider le projet \u00e0 se d\u00e9velopper mais sont toujours rest\u00e9s fid\u00e8les \u00e0 leurs engagements en mati\u00e8re d&#039;open source.\" \/>\n<meta name=\"robots\" content=\"noindex, follow, max-snippet:-1, max-image-preview:large, max-video-preview:-1\" \/>\n<meta property=\"og:locale\" content=\"fr_FR\" \/>\n<meta property=\"og:type\" content=\"article\" \/>\n<meta property=\"og:title\" content=\"Open Source Manifesto | Centreon logiciel de supervision IT\" \/>\n<meta property=\"og:description\" content=\"En 2003, deux \u00e9tudiants enthousiastes ont lanc\u00e9 Centreon en tant que projet open source. Ils ont cr\u00e9\u00e9 une soci\u00e9t\u00e9 pour aider le projet \u00e0 se d\u00e9velopper mais sont toujours rest\u00e9s fid\u00e8les \u00e0 leurs engagements en mati\u00e8re d&#039;open source.\" \/>\n<meta property=\"og:url\" content=\"https:\/\/www-ppd.apps.centreon.com\/fr\/centreon-open-source-manifesto\/\" \/>\n<meta property=\"og:site_name\" content=\"Centreon\" \/>\n<meta property=\"article:publisher\" content=\"https:\/\/www.facebook.com\/CentreonMonitoring\/\" \/>\n<meta property=\"article:modified_time\" content=\"2025-07-16T12:08:13+00:00\" \/>\n<meta property=\"og:image\" content=\"https:\/\/www-ppd.apps.centreon.com\/uploads\/2023\/11\/Vertical_Original.png\" \/>\n\t<meta property=\"og:image:width\" content=\"1076\" \/>\n\t<meta property=\"og:image:height\" content=\"556\" \/>\n\t<meta property=\"og:image:type\" content=\"image\/png\" \/>\n<meta name=\"twitter:card\" content=\"summary_large_image\" \/>\n<meta name=\"twitter:site\" content=\"@CentreonFR\" \/>\n<meta name=\"twitter:label1\" content=\"Dur\u00e9e de lecture estim\u00e9e\" \/>\n\t<meta name=\"twitter:data1\" content=\"3 minutes\" \/>\n<script type=\"application\/ld+json\" class=\"yoast-schema-graph\">{\"@context\":\"https:\/\/schema.org\",\"@graph\":[{\"@type\":\"WebPage\",\"@id\":\"https:\/\/www-ppd.apps.centreon.com\/fr\/centreon-open-source-manifesto\/\",\"url\":\"https:\/\/www-ppd.apps.centreon.com\/fr\/centreon-open-source-manifesto\/\",\"name\":\"Open Source Manifesto | Centreon logiciel de supervision IT\",\"isPartOf\":{\"@id\":\"https:\/\/www-ppd.apps.centreon.com\/fr\/#website\"},\"datePublished\":\"2024-05-07T08:24:09+00:00\",\"dateModified\":\"2025-07-16T12:08:13+00:00\",\"description\":\"En 2003, deux \u00e9tudiants enthousiastes ont lanc\u00e9 Centreon en tant que projet open source. Ils ont cr\u00e9\u00e9 une soci\u00e9t\u00e9 pour aider le projet \u00e0 se d\u00e9velopper mais sont toujours rest\u00e9s fid\u00e8les \u00e0 leurs engagements en mati\u00e8re d'open source.\",\"breadcrumb\":{\"@id\":\"https:\/\/www-ppd.apps.centreon.com\/fr\/centreon-open-source-manifesto\/#breadcrumb\"},\"inLanguage\":\"fr-FR\",\"potentialAction\":[{\"@type\":\"ReadAction\",\"target\":[\"https:\/\/www-ppd.apps.centreon.com\/fr\/centreon-open-source-manifesto\/\"]}]},{\"@type\":\"BreadcrumbList\",\"@id\":\"https:\/\/www-ppd.apps.centreon.com\/fr\/centreon-open-source-manifesto\/#breadcrumb\",\"itemListElement\":[{\"@type\":\"ListItem\",\"position\":1,\"name\":\"Home\",\"item\":\"https:\/\/www-ppd.apps.centreon.com\/fr\/\"},{\"@type\":\"ListItem\",\"position\":2,\"name\":\"Manifesto Open Source Centreon\"}]},{\"@type\":\"WebSite\",\"@id\":\"https:\/\/www-ppd.apps.centreon.com\/fr\/#website\",\"url\":\"https:\/\/www-ppd.apps.centreon.com\/fr\/\",\"name\":\"Centreon\",\"description\":\"Just another WordPress site\",\"publisher\":{\"@id\":\"https:\/\/www-ppd.apps.centreon.com\/fr\/#organization\"},\"potentialAction\":[{\"@type\":\"SearchAction\",\"target\":{\"@type\":\"EntryPoint\",\"urlTemplate\":\"https:\/\/www-ppd.apps.centreon.com\/fr\/?s={search_term_string}\"},\"query-input\":{\"@type\":\"PropertyValueSpecification\",\"valueRequired\":true,\"valueName\":\"search_term_string\"}}],\"inLanguage\":\"fr-FR\"},{\"@type\":\"Organization\",\"@id\":\"https:\/\/www-ppd.apps.centreon.com\/fr\/#organization\",\"name\":\"Centreon\",\"url\":\"https:\/\/www-ppd.apps.centreon.com\/fr\/\",\"logo\":{\"@type\":\"ImageObject\",\"inLanguage\":\"fr-FR\",\"@id\":\"https:\/\/www-ppd.apps.centreon.com\/fr\/#\/schema\/logo\/image\/\",\"url\":\"https:\/\/www.centreon.com\/wp-content\/uploads\/2023\/07\/Logo_Centreon_Email_Signature_light_02.png\",\"contentUrl\":\"https:\/\/www.centreon.com\/wp-content\/uploads\/2023\/07\/Logo_Centreon_Email_Signature_light_02.png\",\"width\":180,\"height\":42,\"caption\":\"Centreon\"},\"image\":{\"@id\":\"https:\/\/www-ppd.apps.centreon.com\/fr\/#\/schema\/logo\/image\/\"},\"sameAs\":[\"https:\/\/www.facebook.com\/CentreonMonitoring\/\",\"https:\/\/x.com\/CentreonFR\",\"https:\/\/www.linkedin.com\/company\/centreonsoftware\/\",\"https:\/\/www.youtube.com\/channel\/UCIKJKvZ8acLmEg2fCdDzsvA\",\"https:\/\/fr.wikipedia.org\/wiki\/Centreon\"]}]}<\/script>\n<!-- \/ Yoast SEO plugin. -->","yoast_head_json":{"title":"Open Source Manifesto | Centreon logiciel de supervision IT","description":"En 2003, deux \u00e9tudiants enthousiastes ont lanc\u00e9 Centreon en tant que projet open source. Ils ont cr\u00e9\u00e9 une soci\u00e9t\u00e9 pour aider le projet \u00e0 se d\u00e9velopper mais sont toujours rest\u00e9s fid\u00e8les \u00e0 leurs engagements en mati\u00e8re d'open source.","robots":{"index":"noindex","follow":"follow","max-snippet":"max-snippet:-1","max-image-preview":"max-image-preview:large","max-video-preview":"max-video-preview:-1"},"og_locale":"fr_FR","og_type":"article","og_title":"Open Source Manifesto | Centreon logiciel de supervision IT","og_description":"En 2003, deux \u00e9tudiants enthousiastes ont lanc\u00e9 Centreon en tant que projet open source. Ils ont cr\u00e9\u00e9 une soci\u00e9t\u00e9 pour aider le projet \u00e0 se d\u00e9velopper mais sont toujours rest\u00e9s fid\u00e8les \u00e0 leurs engagements en mati\u00e8re d'open source.","og_url":"https:\/\/www-ppd.apps.centreon.com\/fr\/centreon-open-source-manifesto\/","og_site_name":"Centreon","article_publisher":"https:\/\/www.facebook.com\/CentreonMonitoring\/","article_modified_time":"2025-07-16T12:08:13+00:00","og_image":[{"width":1076,"height":556,"url":"https:\/\/www-ppd.apps.centreon.com\/uploads\/2023\/11\/Vertical_Original.png","type":"image\/png"}],"twitter_card":"summary_large_image","twitter_site":"@CentreonFR","twitter_misc":{"Dur\u00e9e de lecture estim\u00e9e":"3 minutes"},"schema":{"@context":"https:\/\/schema.org","@graph":[{"@type":"WebPage","@id":"https:\/\/www-ppd.apps.centreon.com\/fr\/centreon-open-source-manifesto\/","url":"https:\/\/www-ppd.apps.centreon.com\/fr\/centreon-open-source-manifesto\/","name":"Open Source Manifesto | Centreon logiciel de supervision IT","isPartOf":{"@id":"https:\/\/www-ppd.apps.centreon.com\/fr\/#website"},"datePublished":"2024-05-07T08:24:09+00:00","dateModified":"2025-07-16T12:08:13+00:00","description":"En 2003, deux \u00e9tudiants enthousiastes ont lanc\u00e9 Centreon en tant que projet open source. Ils ont cr\u00e9\u00e9 une soci\u00e9t\u00e9 pour aider le projet \u00e0 se d\u00e9velopper mais sont toujours rest\u00e9s fid\u00e8les \u00e0 leurs engagements en mati\u00e8re d'open source.","breadcrumb":{"@id":"https:\/\/www-ppd.apps.centreon.com\/fr\/centreon-open-source-manifesto\/#breadcrumb"},"inLanguage":"fr-FR","potentialAction":[{"@type":"ReadAction","target":["https:\/\/www-ppd.apps.centreon.com\/fr\/centreon-open-source-manifesto\/"]}]},{"@type":"BreadcrumbList","@id":"https:\/\/www-ppd.apps.centreon.com\/fr\/centreon-open-source-manifesto\/#breadcrumb","itemListElement":[{"@type":"ListItem","position":1,"name":"Home","item":"https:\/\/www-ppd.apps.centreon.com\/fr\/"},{"@type":"ListItem","position":2,"name":"Manifesto Open Source Centreon"}]},{"@type":"WebSite","@id":"https:\/\/www-ppd.apps.centreon.com\/fr\/#website","url":"https:\/\/www-ppd.apps.centreon.com\/fr\/","name":"Centreon","description":"Just another WordPress site","publisher":{"@id":"https:\/\/www-ppd.apps.centreon.com\/fr\/#organization"},"potentialAction":[{"@type":"SearchAction","target":{"@type":"EntryPoint","urlTemplate":"https:\/\/www-ppd.apps.centreon.com\/fr\/?s={search_term_string}"},"query-input":{"@type":"PropertyValueSpecification","valueRequired":true,"valueName":"search_term_string"}}],"inLanguage":"fr-FR"},{"@type":"Organization","@id":"https:\/\/www-ppd.apps.centreon.com\/fr\/#organization","name":"Centreon","url":"https:\/\/www-ppd.apps.centreon.com\/fr\/","logo":{"@type":"ImageObject","inLanguage":"fr-FR","@id":"https:\/\/www-ppd.apps.centreon.com\/fr\/#\/schema\/logo\/image\/","url":"https:\/\/www.centreon.com\/wp-content\/uploads\/2023\/07\/Logo_Centreon_Email_Signature_light_02.png","contentUrl":"https:\/\/www.centreon.com\/wp-content\/uploads\/2023\/07\/Logo_Centreon_Email_Signature_light_02.png","width":180,"height":42,"caption":"Centreon"},"image":{"@id":"https:\/\/www-ppd.apps.centreon.com\/fr\/#\/schema\/logo\/image\/"},"sameAs":["https:\/\/www.facebook.com\/CentreonMonitoring\/","https:\/\/x.com\/CentreonFR","https:\/\/www.linkedin.com\/company\/centreonsoftware\/","https:\/\/www.youtube.com\/channel\/UCIKJKvZ8acLmEg2fCdDzsvA","https:\/\/fr.wikipedia.org\/wiki\/Centreon"]}]}},"_links":{"self":[{"href":"https:\/\/www-ppd.apps.centreon.com\/fr\/wp-json\/wp\/v2\/pages\/35674","targetHints":{"allow":["GET"]}}],"collection":[{"href":"https:\/\/www-ppd.apps.centreon.com\/fr\/wp-json\/wp\/v2\/pages"}],"about":[{"href":"https:\/\/www-ppd.apps.centreon.com\/fr\/wp-json\/wp\/v2\/types\/page"}],"author":[{"embeddable":true,"href":"https:\/\/www-ppd.apps.centreon.com\/fr\/wp-json\/wp\/v2\/users\/3"}],"replies":[{"embeddable":true,"href":"https:\/\/www-ppd.apps.centreon.com\/fr\/wp-json\/wp\/v2\/comments?post=35674"}],"version-history":[{"count":5,"href":"https:\/\/www-ppd.apps.centreon.com\/fr\/wp-json\/wp\/v2\/pages\/35674\/revisions"}],"predecessor-version":[{"id":40088,"href":"https:\/\/www-ppd.apps.centreon.com\/fr\/wp-json\/wp\/v2\/pages\/35674\/revisions\/40088"}],"wp:attachment":[{"href":"https:\/\/www-ppd.apps.centreon.com\/fr\/wp-json\/wp\/v2\/media?parent=35674"}],"curies":[{"name":"wp","href":"https:\/\/api.w.org\/{rel}","templated":true}]}}